{"id":10537,"date":"2021-03-25T17:15:11","date_gmt":"2021-03-25T15:15:11","guid":{"rendered":"https:\/\/www.crj.ro\/?page_id=10537"},"modified":"2023-07-13T00:40:43","modified_gmt":"2023-07-12T21:40:43","slug":"voices-for-justice-communicating-with-victims-of-crime-with-disability","status":"publish","type":"page","link":"https:\/\/www.crj.ro\/en\/advocate-for-dignity\/voices-for-justice-communicating-with-victims-of-crime-with-disability\/","title":{"rendered":"Voices for Justice &#8211; Communicating with Victims of Crime with Disability"},"content":{"rendered":"<p><a ref=\"magnificPopup\" href=\"https:\/\/www.crj.ro\/wp-content\/uploads\/2021\/03\/Justi\u021bie-prietenoas\u0103-pentru-Copii-3.png\"><img decoding=\"async\" loading=\"lazy\" class=\"aligncenter size-full wp-image-10530\" src=\"https:\/\/www.crj.ro\/wp-content\/uploads\/2021\/03\/Justi\u021bie-prietenoas\u0103-pentru-Copii-3.png\" alt=\"\" width=\"1920\" height=\"1080\" srcset=\"https:\/\/www.crj.ro\/wp-content\/uploads\/2021\/03\/Justi\u021bie-prietenoas\u0103-pentru-Copii-3.png 1920w, https:\/\/www.crj.ro\/wp-content\/uploads\/2021\/03\/Justi\u021bie-prietenoas\u0103-pentru-Copii-3-300x169.png 300w, https:\/\/www.crj.ro\/wp-content\/uploads\/2021\/03\/Justi\u021bie-prietenoas\u0103-pentru-Copii-3-1024x576.png 1024w, https:\/\/www.crj.ro\/wp-content\/uploads\/2021\/03\/Justi\u021bie-prietenoas\u0103-pentru-Copii-3-768x432.png 768w, https:\/\/www.crj.ro\/wp-content\/uploads\/2021\/03\/Justi\u021bie-prietenoas\u0103-pentru-Copii-3-1536x864.png 1536w\" sizes=\"(max-width: 1920px) 100vw, 1920px\" \/><\/a><\/p>\n<p><em>People with disabilities are more likely to be victims of crime and less likely to receive justice. A major challenge for people with disabilities is having the right information presented in the right way, so that they understand their rights, and know how to report a crime and how to engage with the legal process. A challenge for professionals working in the justice system is that they often have little experience communicating with people with disabilities and a poor understanding of their needs. A strong system of law exists at the United Nations and the European Union to address these challenges but it is not always well understood or implemented. This project aims to address these gaps by creating practical guidelines for people with disabilities who are victims of crime, as well as for the judges, lawyers, police, social workers and others who defend their rights. The project will also help policy-makers at EU level be better informed and support the development of international standards to protect the rights of people with disabilities who are victims of crime.\u00a0<\/em><em>\u00a0<\/em><\/p>\n<h4>Project description:<\/h4>\n<p>The project focuses on creating practical tools for people with disabilities who are victims of crime, to help ensure that they can participate actively in criminal justice processes. The EU Victims\u2019 Rights Directive (2012\/29\/EU) guarantees victims the rights, among others, to understand and be understood, to information, and to be heard. Where criminal justice professionals fail to provide victims with disabilities with accessible information, do not have the knowledge and tools to communicate in ways victims with disabilities can understand, or cannot support victims with disabilities to express their needs and experiences, these rights are violated and victims do not receive justice.<\/p>\n<p>People with intellectual disabilities, people with psychosocial disabilities and people with physical disabilities are the focus of the project, including those who experience multiple and intersecting discrimination because of their disability together with their gender, ethnicity, or other status.\u00a0 The two-year project started in July 2020, is co-funded by the European Commission and is taking place in seven EU countries (Romania, Slovakia, Czechia, Bulgaria, Slovenia, Lithuania, Croatia).<\/p>\n<p>The project builds on the expertise and experience of the Validity Foundation and the Consortium partners. Validity and project partners have previously investigated\u00a0<a href=\"http:\/\/www.mdac.org\/en\/accessing-justice-children\">access to justice for children with mental disabilities<\/a>, and developed tools to enhance the skills of legal professionals to represent children with mental disabilities in a project entitled \u2018<a href=\"https:\/\/validity.ngo\/2017\/10\/30\/innovating-european-lawyers-to-advance-the-rights-of-children-with-disabilities\/\">Innovating European Lawyers to Advance the Rights of Children with Disabilities<\/a>\u2018. In parallel, Validity is coordinating a second EC co-funded project focused on making criminal justice systems child-friendly in three EU countries, by improving how individual assessments are conducted for children with disabilities, children who are unaccompanied, or children who are deprived of parental care. The two projects are being implemented in close cooperation, and it is anticipated that the findings, outcomes and deliverables will be complementary.<\/p>\n<h3>Legal background<\/h3>\n<p>In terms of the wider international context, the nexus between the obligations set out in the\u00a0<a href=\"https:\/\/eur-lex.europa.eu\/legal-content\/EN\/TXT\/?qid=1599658355201&amp;uri=CELEX:32012L0029\">EU Directive (2012\/29\/EU)<\/a>\u00a0together with the more recent\u00a0<a href=\"https:\/\/eur-lex.europa.eu\/legal-content\/EN\/TXT\/?uri=CELEX:52020DC0258\">EU Strategy on Victims\u2019 Rights 2020-2025<\/a>, the\u00a0<a href=\"https:\/\/ec.europa.eu\/social\/main.jsp?catId=1484&amp;langId=en\">EU Disability Strategy 2010 \u2013 2020<\/a>, and the United Nations\u2019\u00a0<a href=\"https:\/\/www.un.org\/development\/desa\/disabilities\/convention-on-the-rights-of-persons-with-disabilities.html\">Convention on the Rights of Persons with Disabilities (CRPD)<\/a>\u00a0are critical. Although the EU acceded to the CRPD in 2010 and the Convention has been ratified by each of the 27 EU Member States, there is a lack of clarity as to how it applies in combination with existing EU law, and even less what that means in practice for people with disabilities. Further, findings by the European Commission in\u00a0<a href=\"https:\/\/eur-lex.europa.eu\/legal-content\/EN\/TXT\/?uri=COM:2020:188:FIN\">May 2020<\/a>\u00a0illustrate that transposition of the Victims\u2019 Rights Directive has been insufficient in most EU Member States. There has been almost no assessment of whether and how transposition of the Directive into national legal systems has affected the ability of persons with disabilities to access their rights. This project aims to improve access by people with disabilities victims of crime to their rights under the Directive and to inform the development and implementation of the international legal framework with evidence and promising practices.<\/p>\n<h3>Objectives<\/h3>\n<p>The project aims to:<\/p>\n<ul>\n<li>Enhance access for beneficiaries to their rights under the Victims\u2019 Rights Directive and related\u00a0<em>acquis<\/em>\u00a0through developing an evidence base and set of multi-disciplinary recommendations on access to information and effective communication in criminal justice processes for people with disabilities who are victims of crime;<\/li>\n<li>Improve access to supports and accommodations for beneficiaries to communicate effectively and be understood, as well as to provide professionals in the justice system with improved skills and practical tools to communicate effectively with beneficiaries;<\/li>\n<li>Promote on-going cross-disciplinary cooperation on information provision and communication by victims of crime with disabilities across criminal justice disciplines;<\/li>\n<li>Disseminate the new knowledge and materials to key target audiences in each project jurisdiction and across Europe; and<\/li>\n<li>Contribute to the on-going consistent and coherent development, review and implementation of the Victims\u2019 Rights Directive, the UN CRPD and the European Charter of Fundamental Rights.<\/li>\n<\/ul>\n<h4>Activities<span style=\"font-weight: 400;\">:<\/span><\/h4>\n<blockquote>\n<ul>\n<li>\n<p><strong>Research and data collection.<\/strong> The development and implementation of a research methodology involving data collection in seven countries through desk and field research. The purpose is to develop an evidence base and set of multi-disciplinary recommendations on access to information and effective communication in criminal justice processes for people with disabilities victims of crime, from initial reporting, interview and evidence collection, through to participation in court proceedings and accessing victim support services.<\/p>\n<\/li>\n<li><strong>Development of handbooks and practical guidance.<\/strong>\u00a0Guidebooks and information packs will be produced for: i) professionals working with victims of crime; ii) judges, prosecutors, judicial personnel; iii) lay-advocates and victim support services; and, iv) people with disabilities who are victims of crime. These will be adapted and translated into the project languages.<\/li>\n<li><strong>Cross-disciplinary cooperation.<\/strong>\u00a0Conferences will be organised in all project countries to bring together victims of crime with disabilities and stakeholders from different professional and disciplinary backgrounds who work with them.<\/li>\n<li><strong>International dissemination.<\/strong>\u00a0An international symposium will be organised in Brussels with people with disabilities, policy makers, NGOs and other experts to promote the project and the issues addressed by it and highlight recommendations for EU action.<\/li>\n<\/ul>\n<\/blockquote>\n<h4>Perioada de implementare<span style=\"font-weight: 400;\">:<\/span><\/h4>\n<p>1 July 2020 &#8211; 30 June 2022<\/p>\n<h4>Partners<span style=\"font-weight: 400;\">:<\/span><\/h4>\n<h3><a ref=\"magnificPopup\" href=\"https:\/\/www.crj.ro\/wp-content\/uploads\/2021\/03\/partners-logos-letterhead_corrected.png\"><img decoding=\"async\" loading=\"lazy\" class=\"aligncenter size-full wp-image-10528\" src=\"https:\/\/www.crj.ro\/wp-content\/uploads\/2021\/03\/partners-logos-letterhead_corrected.png\" alt=\"\" width=\"1371\" height=\"534\" srcset=\"https:\/\/www.crj.ro\/wp-content\/uploads\/2021\/03\/partners-logos-letterhead_corrected.png 1371w, https:\/\/www.crj.ro\/wp-content\/uploads\/2021\/03\/partners-logos-letterhead_corrected-300x117.png 300w, https:\/\/www.crj.ro\/wp-content\/uploads\/2021\/03\/partners-logos-letterhead_corrected-1024x399.png 1024w, https:\/\/www.crj.ro\/wp-content\/uploads\/2021\/03\/partners-logos-letterhead_corrected-768x299.png 768w\" sizes=\"(max-width: 1371px) 100vw, 1371px\" \/><\/a><\/h3>\n<ul>\n<li><strong>Validity Foundation \u2013 Mental Disability Advocacy Centre\u00a0<\/strong>(Hungary) brings 18 years substantive expertise in research, advocacy and strategic litigation on the rights of people with disabilities.<\/li>\n<li><strong>Centrul de Resurse Juridice\u00a0<\/strong>(<a href=\"https:\/\/www.crj.ro\/en\/\">Centre for Legal Resources<\/a>, Romania) has excellent experience and skills in providing complex legal and professional support to people with disabilities who have experienced human rights violations.<\/li>\n<li><strong>Shans i Podkrepa\u00a0<\/strong>(Chance and Support, Bulgaria) brings 14 years experience working with people with disabilities, people from different ethnic groups (including Roma people), women and elderly people, developing new methodologies of social work, and providing direct support.<\/li>\n<li><strong>Udruga za podr\u0161ku \u017ertvama i svjedocima\u00a0<\/strong>(<a href=\"http:\/\/pzs.hr\/\">Victim and Witness Support Service- VWSS<\/a>, Croatia) brings specialised expertise in providing information, psychological and legal aid to victims of crime, and operates a national call centre for victims of crime.<\/li>\n<li><strong>F\u00f3rum pro lidsk\u00e1 pr\u00e1va\u00a0<\/strong>(<a href=\"https:\/\/forumhr.eu\/cs\/uvod\/\">Forum for Human Rights<\/a>, Czechia and Slovakia) brings expertise in human rights advocacy, strategic litigation, research and awareness-raising on the rights of vulnerable groups, including persons with disabilities, and the principle of non-discrimination.<\/li>\n<li><strong>Psichikos Sveikatos Perspektyvos<\/strong>\u00a0(<a href=\"http:\/\/www.perspektyvos.org\/en\/about_us.html\">Mental Health Perspectives \u2013 PSP<\/a>, Lithuania) brings extensive experience in disability-rights, including implementing a crucial project on enhancing procedural rights of suspects and accused persons with intellectual and\/or psychosocial disabilities in criminal proceedings.<\/li>\n<li><strong>Pravno-informacijski center nevladnih organizacij\u00a0<\/strong>(<a href=\"http:\/\/pic.si\/about\/\">Legal-Informational Centre for NGOs\u00a0\u2013 PIC<\/a>, Slovenia) brings legal expertise in protecting, supporting and defending marginalised and vulnerable groups and provides legal assistance to more than 1,000 people with disabilities each year.<\/li>\n<li>The\u00a0<strong>In\u0161titut Republike Slovenije za socialno varstvo<\/strong>\u00a0(<a href=\"https:\/\/www.irssv.si\/\">Social Protection Institute of the Republic of Slovenia \u2013 IRRSV<\/a>, Slovenia) leads the research and data collection component of the entire project. It has three decades of experience in evaluation and monitoring service provision for people with disabilities in Slovenia and has coordinated cross-border projects.<\/li>\n<li>The\u00a0<strong>Faculty of Social Work from the\u00a0University of Ljubljana<\/strong>\u00a0(<a href=\"https:\/\/www.fsd.uni-lj.si\/en\/\">University of Ljubjlana<\/a>, Slovenia) will develop the research methodology for the project and implement it in Slovenia. They have developed action research methods and researched the rights of people with disabilities since the 1980\u2019s.<\/li>\n<\/ul>\n<h3>Full name of the project<\/h3>\n<p>Information and Communications: Cornerstones of Justice for Victims of Crime with Disability (878604 \u2014 InfoComPWDs).<br \/>JUST-AG-2019 \/ JUST-JACC-AG-2019.<\/p>\n<p>The contents of this project represent the views of the project partners only and are their sole responsibility. The European Commission does not accept any responsibility for use that may be made of the information it contains.<\/p>\n<h4>Funding<span style=\"font-weight: 400;\">:<\/span><\/h4>\n<h4><span style=\"font-size: 12.0pt; font-family: 'Times New Roman',serif; color: #202124;\"><a ref=\"magnificPopup\" href=\"https:\/\/www.crj.ro\/wp-content\/uploads\/2021\/03\/flag_yellow_high.jpg\"><img decoding=\"async\" loading=\"lazy\" class=\"wp-image-10541 alignleft\" src=\"https:\/\/www.crj.ro\/wp-content\/uploads\/2021\/03\/flag_yellow_high.jpg\" alt=\"\" width=\"120\" height=\"80\" srcset=\"https:\/\/www.crj.ro\/wp-content\/uploads\/2021\/03\/flag_yellow_high.jpg 2363w, https:\/\/www.crj.ro\/wp-content\/uploads\/2021\/03\/flag_yellow_high-300x197.jpg 300w, https:\/\/www.crj.ro\/wp-content\/uploads\/2021\/03\/flag_yellow_high-1024x683.jpg 1024w, https:\/\/www.crj.ro\/wp-content\/uploads\/2021\/03\/flag_yellow_high-145x95.jpg 145w, https:\/\/www.crj.ro\/wp-content\/uploads\/2021\/03\/flag_yellow_high-768x512.jpg 768w, https:\/\/www.crj.ro\/wp-content\/uploads\/2021\/03\/flag_yellow_high-1536x1024.jpg 1536w, https:\/\/www.crj.ro\/wp-content\/uploads\/2021\/03\/flag_yellow_high-2048x1366.jpg 2048w, https:\/\/www.crj.ro\/wp-content\/uploads\/2021\/03\/flag_yellow_high-610x400.jpg 610w\" sizes=\"(max-width: 120px) 100vw, 120px\" \/><\/a><\/span><\/h4>\n<p><br \/>This project is co-funded by the European Union\u2019s Justice Programme (2014-2020).\u00a0<\/p>\n\n\n<p><\/p>\n","protected":false},"excerpt":{"rendered":"<p>People with disabilities are more likely to be victims of crime and less likely to receive justice. A major challenge for people with disabilities is having the right information presented in the right way, so that they understand their rights, and know how to report a crime and how to engage with the legal process&#8230;.<\/p>\n","protected":false},"author":16,"featured_media":10530,"parent":1466,"menu_order":0,"comment_status":"closed","ping_status":"closed","template":"","meta":[],"_links":{"self":[{"href":"https:\/\/www.crj.ro\/en\/wp-json\/wp\/v2\/pages\/10537"}],"collection":[{"href":"https:\/\/www.crj.ro\/en\/wp-json\/wp\/v2\/pages"}],"about":[{"href":"https:\/\/www.crj.ro\/en\/wp-json\/wp\/v2\/types\/page"}],"author":[{"embeddable":true,"href":"https:\/\/www.crj.ro\/en\/wp-json\/wp\/v2\/users\/16"}],"replies":[{"embeddable":true,"href":"https:\/\/www.crj.ro\/en\/wp-json\/wp\/v2\/comments?post=10537"}],"version-history":[{"count":3,"href":"https:\/\/www.crj.ro\/en\/wp-json\/wp\/v2\/pages\/10537\/revisions"}],"predecessor-version":[{"id":10546,"href":"https:\/\/www.crj.ro\/en\/wp-json\/wp\/v2\/pages\/10537\/revisions\/10546"}],"up":[{"embeddable":true,"href":"https:\/\/www.crj.ro\/en\/wp-json\/wp\/v2\/pages\/1466"}],"wp:featuredmedia":[{"embeddable":true,"href":"https:\/\/www.crj.ro\/en\/wp-json\/wp\/v2\/media\/10530"}],"wp:attachment":[{"href":"https:\/\/www.crj.ro\/en\/wp-json\/wp\/v2\/media?parent=10537"}],"curies":[{"name":"wp","href":"https:\/\/api.w.org\/{rel}","templated":true}]}}