{"id":3306,"date":"2015-01-29T14:23:01","date_gmt":"2015-01-29T12:23:01","guid":{"rendered":"https:\/\/www.crj.ro\/?page_id=3306"},"modified":"2023-07-13T00:41:06","modified_gmt":"2023-07-12T21:41:06","slug":"anti-discrimination-resources","status":"publish","type":"page","link":"https:\/\/www.crj.ro\/en\/antidiscrimination\/anti-discrimination-resources\/","title":{"rendered":"Anti-discrimination Resources"},"content":{"rendered":"<h4>National report on discrimination of Roma communities in Romania, drafted in 2013: <a href=\"https:\/\/www.crj.ro\/userfiles\/editor\/files\/National%20Report%20Romania_NET-KARD.pdf\" target=\"_blank\" rel=\"noopener\">Discrimination of Roma Communities. National Report Romania<\/a><\/h4>\n<h3>Practical guides elaborated under the NET-KARD project for different professional groups that have an important role in combating discrimination against Roma communities (lawyers, policemen, journalists and NGOs):<\/h3>\n<p><strong>[EN]<\/strong><\/p>\n<h5 style=\"padding-left: 30px;\"><a href=\"https:\/\/www.crj.ro\/userfiles\/editor\/files\/Human_rights_litigation_on_behalf_of_the_Roma_A_guide_for_lawyers.pdf\" target=\"_blank\" rel=\"noopener\">Human rights litigation on behalf of the Roma. A guide for lawyers<\/a><\/h5>\n<h5 style=\"padding-left: 30px;\"><a href=\"https:\/\/www.crj.ro\/userfiles\/editor\/files\/Practical_guide_for_police_services_to_prevent_discrimination_against_the_Roma_communities.pdf\" target=\"_blank\" rel=\"noopener\">Practical guide for police services to prevent discrimination against the Roma communities<\/a><\/h5>\n<h5 style=\"padding-left: 30px;\"><a href=\"https:\/\/www.crj.ro\/userfiles\/editor\/files\/Pratical_guide_for_media_professionals_to_prevent_discrimination_against_the_Roma_communities.pdf\" target=\"_blank\" rel=\"noopener\">Practical guide for media professionals to prevent discrimination against the Roma communities<\/a><\/h5>\n<h5 style=\"padding-left: 30px;\"><a href=\"https:\/\/www.crj.ro\/userfiles\/editor\/files\/Practical_guide_for_NGOs_to_prevent_discrimination_against_the_Roma_communities.pdf\" target=\"_blank\" rel=\"noopener\">Practical guide for NGOs to prevent discrimination against the Roma communities<\/a><\/h5>\n<p><strong>[RO]<\/strong><\/p>\n<h5 style=\"padding-left: 30px;\"><a href=\"https:\/\/www.crj.ro\/userfiles\/editor\/files\/Ghid_practic_pentru_avocati.pdf\" target=\"_blank\" rel=\"noopener\">Reprezentarea romilor in litigii privind drepturile omului. Ghid pentru avoca\u0163i<\/a><\/h5>\n<h5 style=\"padding-left: 30px;\"><a href=\"https:\/\/www.crj.ro\/userfiles\/editor\/files\/Ghid_practic_pentru_serviciile_de_politie.pdf\" target=\"_blank\" rel=\"noopener\">Ghid practic pentru serviciile de poli\u021bie \u00een vederea prevenirii discrimin\u0103rii comunit\u0103\u021bilor de romi<\/a><\/h5>\n<h5 style=\"padding-left: 30px;\"><a href=\"https:\/\/www.crj.ro\/userfiles\/editor\/files\/Ghid_practic_pentru_profesionistii_media.pdf\" target=\"_blank\" rel=\"noopener\">Ghid practic pentru profesioni\u0219tii din domeniul media \u00een vederea prevenirii discrimin\u0103rii comunit\u0103\u021bilor de romi<\/a><\/h5>\n<h5 style=\"padding-left: 30px;\"><a href=\"https:\/\/www.crj.ro\/userfiles\/editor\/files\/Ghid_practic_pentru_ONG-uri.pdf\" target=\"_blank\" rel=\"noopener\">Ghid practic pentru ONG-uri \u00een vederea prevenirii discrimin\u0103rii comunit\u0103\u021bilor de romi<\/a><\/h5>\n<p><strong>[ES]<\/strong><\/p>\n<h5 style=\"padding-left: 30px;\"><a href=\"https:\/\/www.gitanos.org\/upload\/72\/18\/Guia_NetKard_ONG_y_com._gitana.pdf\" target=\"_blank\" rel=\"noopener\">Gu\u00eda pr\u00e1ctica para prevenir la discriminaci\u00f3n contra la comunidad gitana, para asociaciones gitanas y otras entidades sociales<\/a><\/h5>\n<h5 style=\"padding-left: 30px;\"><a href=\"https:\/\/www.gitanos.org\/upload\/73\/19\/Guia_NetKard_periodistas_y_com_gitana.pdf\" target=\"_blank\" rel=\"noopener\">Gu\u00eda pr\u00e1ctica para prevenir la discriminaci\u00f3n contra la comunidad gitana dirigida a los\/las profesionales de los medios de comunicaci\u00f3n<\/a><\/h5>\n<h5 style=\"padding-left: 30px;\"><a href=\"https:\/\/www.gitanos.org\/upload\/93\/20\/Guia_NetKard_abogados_y_com_gitana.pdf\" target=\"_blank\" rel=\"noopener\">Gu\u00eda pr\u00e1ctica para prevenir la discriminaci\u00f3n contra la comunidad gitana, para abogados\/as y juristas<\/a><\/h5>\n<h5 style=\"padding-left: 30px;\"><a href=\"https:\/\/www.gitanos.org\/upload\/59\/21\/Guia_NetKard_Policias__y_com_gitana.pdf\" target=\"_blank\" rel=\"noopener\">Gu\u00eda pr\u00e1ctica para prevenir la discriminaci\u00f3n contra la comunidad gitana, para los servicios policiales<\/a><\/h5>\n<p><strong>[POR]<\/strong><\/p>\n<h5 style=\"padding-left: 30px;\"><a href=\"https:\/\/www.gitanos.org\/upload\/35\/25\/14-09-23_Guide_for_ONGs_PORTUGUES_WEB.pdf\" target=\"_blank\" rel=\"noopener\">Guia pr\u00e1tico dirigido \u00e0s associa\u00e7\u00f5es ciganas e outras entidades de car\u00e1cter social para prevenir a discrimina\u00e7\u00e3o das comunidades ciganas<\/a><\/h5>\n<h5 style=\"padding-left: 30px;\"><a href=\"https:\/\/www.gitanos.org\/upload\/62\/25\/14-09-23_Guide_for_Media_professionals_PORTUGUES_web.pdf\" target=\"_blank\" rel=\"noopener\">Guia pr\u00e1tico dirigido aos profissionais dos meios de comunica\u00e7\u00e3o social para prevenir a discrimina\u00e7\u00e3o das comunidades ciganas<\/a><\/h5>\n<h5 style=\"padding-left: 30px;\"><a href=\"https:\/\/www.gitanos.org\/upload\/98\/25\/14-09-24_Guia_Modelo_ABOGADOS_rojo_PORTUGUEES_WEB.pdf\" target=\"_blank\" rel=\"noopener\">Guia pr\u00e1tico dirigido a profissionais da \u00e1rea da justi\u00e7a para prevenir a discrimina\u00e7\u00e3o das comunidades ciganas.<\/a><\/h5>\n<h5 style=\"padding-left: 30px;\"><a href=\"https:\/\/www.gitanos.org\/upload\/28\/26\/14-09-24_Guia_Servicios_Policiales_Proyect_Net_Card_PORTUGES_web.pdf\" target=\"_blank\" rel=\"noopener\">Guia pr\u00e1tico dirigido \u00e0s for\u00e7as policiais para prevenir a discrimina\u00e7\u00e3o das comunidades ciganas.<\/a><\/h5>\n<p><strong>[IT]<\/strong><\/p>\n<h5 style=\"padding-left: 30px;\"><a href=\"https:\/\/www.gitanos.org\/upload\/18\/29\/14-09-22__Guide_for_ONGs_italiano_web.pdf\" target=\"_blank\" rel=\"noopener\">Guida pratica per prevenire la discriminazione contro le comunit\u00e0 rom, per associazioni rom e altri organismi sociali.<\/a><\/h5>\n<h5 style=\"padding-left: 30px;\"><a href=\"https:\/\/www.gitanos.org\/upload\/50\/29\/14-09-22_Guide_for_Media_professionals_Italiano_WEB.pdf\" target=\"_blank\" rel=\"noopener\">Guida pratica per prevenire la discriminazione contro le comunit\u00e0 rom rivolta a professionisti dei media.<\/a><\/h5>\n<h5 style=\"padding-left: 30px;\"><a href=\"https:\/\/www.gitanos.org\/upload\/92\/29\/14-09-29_Guia_Modelo_ABOGADOS_rojo_Italiano_web.pdf\" target=\"_blank\" rel=\"noopener\">Guida pratica per prevenire la discriminazione contro le comunit\u00e0 rom per avvocati e giuristi.<\/a><\/h5>\n<h5 style=\"padding-left: 30px;\"><a href=\"https:\/\/www.gitanos.org\/upload\/25\/30\/14-09-22_Guia_Servicios_Policiales_ITALIANO_WEB.pdf\" target=\"_blank\" rel=\"noopener\">Guida pratica per prevenire la discriminazione contro le comunit\u00e0 rom per le forze dell&#8217;ordine.<\/a><\/h5>\n<p><strong>[HU]\u00a0<\/strong>Guide for lawyers in Hungarian:<\/p>\n<h5 style=\"padding-left: 30px;\"><a href=\"https:\/\/www.crj.ro\/userfiles\/editor\/files\/Peres_eljarasok_a_romak_emberi_jogainak_vedelmeben_Utmutato_ugyvedeknek.pdf\" target=\"_blank\" rel=\"noopener\">Peres elj\u00e1r\u00e1sok a rom\u00e1k emberi jogainak v\u00e9delm\u00e9ben. \u00datmutat\u00f3 \u00fcgyv\u00e9deknek<\/a><\/h5>\n<p>&nbsp;<\/p>\n<hr \/>\n<h4><a href=\"http:\/\/www.humanconsultancy.com\/Publications\/2012_Training%20manual_English.pdf\" target=\"_blank\" rel=\"noopener\">Training manual on discrimination<\/a><\/h4>\n","protected":false},"excerpt":{"rendered":"<p>National report on discrimination of Roma communities in Romania, drafted in 2013: Discrimination of Roma Communities. National Report Romania Practical guides elaborated under the NET-KARD project for different professional groups that have an important role in combating discrimination against Roma communities (lawyers, policemen, journalists and NGOs): [EN] Human rights litigation on behalf of the Roma&#8230;.<\/p>\n","protected":false},"author":12,"featured_media":0,"parent":1460,"menu_order":0,"comment_status":"open","ping_status":"closed","template":"","meta":[],"_links":{"self":[{"href":"https:\/\/www.crj.ro\/en\/wp-json\/wp\/v2\/pages\/3306"}],"collection":[{"href":"https:\/\/www.crj.ro\/en\/wp-json\/wp\/v2\/pages"}],"about":[{"href":"https:\/\/www.crj.ro\/en\/wp-json\/wp\/v2\/types\/page"}],"author":[{"embeddable":true,"href":"https:\/\/www.crj.ro\/en\/wp-json\/wp\/v2\/users\/12"}],"replies":[{"embeddable":true,"href":"https:\/\/www.crj.ro\/en\/wp-json\/wp\/v2\/comments?post=3306"}],"version-history":[{"count":7,"href":"https:\/\/www.crj.ro\/en\/wp-json\/wp\/v2\/pages\/3306\/revisions"}],"predecessor-version":[{"id":17731,"href":"https:\/\/www.crj.ro\/en\/wp-json\/wp\/v2\/pages\/3306\/revisions\/17731"}],"up":[{"embeddable":true,"href":"https:\/\/www.crj.ro\/en\/wp-json\/wp\/v2\/pages\/1460"}],"wp:attachment":[{"href":"https:\/\/www.crj.ro\/en\/wp-json\/wp\/v2\/media?parent=3306"}],"curies":[{"name":"wp","href":"https:\/\/api.w.org\/{rel}","templated":true}]}}